{"id":91,"date":"2023-12-28T21:37:49","date_gmt":"2023-12-28T21:37:49","guid":{"rendered":"https:\/\/d.anke-stiftung.de\/?page_id=91"},"modified":"2024-07-03T18:06:54","modified_gmt":"2024-07-03T18:06:54","slug":"datenschutzerklaerung","status":"publish","type":"page","link":"https:\/\/d.anke-stiftung.de\/?page_id=91","title":{"rendered":"Datenschutzerkl\u00e4rung"},"content":{"rendered":"\n<p>Wir freuen uns, dass Sie unsere Webseite besuchen und bedanken uns f\u00fcr Ihr Interesse. Im Folgenden informieren wir Sie \u00fcber den Umgang mit Ihren pers\u00f6nlichen Daten.<\/p>\n\n\n\n<h3 class=\"wp-block-heading\">Wer wir sind<\/h3>\n\n\n\n<p>Die D.anke-Stiftung f\u00fcr Not-wendiges ist eine wohlt\u00e4tige Stiftung und wird treuh\u00e4nderisch von der <a href=\"https:\/\/www.buergerstiftung-bremen.de\/de\/home.html\" target=\"_blank\" rel=\"noreferrer noopener\">B\u00fcrgerstiftung Bremen<\/a> verwaltet und von ihr im Rechts- und Gesch\u00e4ftsverkehr vertreten.<br>B\u00fcrgerstiftung Bremen<br>Marcusallee 39<br>28359 Bremen<br>T.: 0421 &#8211; 2434 104<br>info@buergerstiftung-bremen.de<br>Vorstandsvorsitzender: Eberhard Muras<br>Stellvertretende Vorsitzende: Susanne Grobien<\/p>\n\n\n\n<p>Die Adresse unserer Website ist: https:\/\/d.anke-stiftung.de und diese Website dient ausschlie\u00dflich der Information der \u00d6ffentlichkeit.<br>Anfragen zur Stiftung oder zu dieser Website k\u00f6nnen Sie stellen an <a href=\"mailto:post@d.anke-stiftung.de\">post@d.anke-stiftung.de<\/a>.<\/p>\n\n\n\n<h3 class=\"wp-block-heading\">Kommentare und Formulare<\/h3>\n\n\n\n<p>Die Kommentarfunktion auf der Website ist grunds\u00e4tzlich deaktiviert. Upload- oder Kontaktformulare werden nicht verwendet.<\/p>\n\n\n\n<h3 class=\"wp-block-heading\">Nutzungsdaten<\/h3>\n\n\n\n<p>Wenn Sie unsere Webseite besuchen, erhebt der Webserver Nutzungsdaten. Diese Erhebung ist erforderlich, um den Verbindungsaufbau zu unserem Server und die Nutzung unserer Webseite technisch zu erm\u00f6glichen. Folgende Nutzungsdaten werden erhoben:<\/p>\n\n\n\n<ul class=\"wp-block-list\">\n<li>die Seite, von der aus die Datei angefordert wurde,<\/li>\n\n\n\n<li>Namen der abgerufenen Datei,<\/li>\n\n\n\n<li>Datum und Uhrzeit des Abrufs,<\/li>\n\n\n\n<li>\u00fcbertragene Datenmenge,<\/li>\n\n\n\n<li>Status dar\u00fcber, ob der Abruf erfolgreich war,<\/li>\n\n\n\n<li>Beschreibung des Typs des verwendeten Webbrowsers,<\/li>\n\n\n\n<li>IP-Adresse des anfragenden Rechners, die nach dem Nutzungsvorgang so gek\u00fcrzt wird, dass ein R\u00fcckschluss auf Ihre Person nicht mehr herstellbar ist<\/li>\n<\/ul>\n\n\n\n<p>Diese genannten Protokolldaten werden nur anonymisiert gespeichert. Wir speichern keine IP-Adresse oder andere personenbeziehbare Daten, die einen R\u00fcckschluss auf Ihre Person erm\u00f6glichen. Personenbezogene Nutzerprofile werden daher nicht gebildet. Auch werden beim Besuch unserer Webseite keine Daten oder andere Informationen an Dritte weitergeleitet.<\/p>\n\n\n\n<h3 class=\"wp-block-heading\">Cookies<\/h3>\n\n\n\n<p>Auf unserer Webseite nutzen wir Session-Cookies. Cookies sind kleine Textdateien, die auf Ihrem Endger\u00e4t gespeichert und ausgelesen werden k\u00f6nnen. Man unterscheidet zwischen Session-Cookies, die wieder gel\u00f6scht werden, sobald Sie Ihren Browser schlie\u00dfen und permanenten Cookies, die auch nach dem jeweiligen Nutzungsvorgang dauerhaft gespeichert werden. Cookies k\u00f6nnen Daten enthalten, die eine Wiedererkennung des genutzten Endger\u00e4ts erm\u00f6glichen. Teilweise enthalten Cookies aber auch lediglich Informationen zu bestimmten Einstellungen, die nicht personenbeziehbar sind.. Die von uns genutzten Session-Cookies beinhalten keine pers\u00f6nlichen Daten. Es werden au\u00dferdem keine Techniken eingesetzt, die Ihr Nutzungsverhalten nachvollziehbar machen. Rechtsgrundlage f\u00fcr den Einsatz von Session-Cookies sind unsere berechtigten Interessen f\u00fcr eine bedarfsgerechte Nutzung unserer Webseite (Artikel 6 Absatz 1 Buchstabe f EU-Datenschutz-Grundverordnung).<\/p>\n\n\n\n<p>In Ihrem Browser k\u00f6nnen Sie Einstellungen vornehmen, um \u00fcber die Platzierung von Cookies informiert zu werden. So k\u00f6nnen Sie den Einsatz von Cookies nachvollziehen. Au\u00dferdem k\u00f6nnen Sie Cookies jederzeit \u00fcber Ihre Browsereinstellung l\u00f6schen und das Platzieren neuer Cookies unterbinden. Bitte beachten Sie, dass die Nutzung unserer Webseite dann gegebenenfalls nur noch eingeschr\u00e4nkt m\u00f6glich ist und einige Funktionen technisch nicht mehr zur Verf\u00fcgung stehen.<\/p>\n\n\n\n<p>Zur Verwaltung der eingesetzten Cookies und \u00e4hnlichen Technologien (Tracking-Pixel, Web-Beacons etc.) und diesbez\u00fcglicher Einwilligungen setzen wir das Consent Tool &#8222;Real Cookie Banner&#8220; ein. Details zur Funktionsweise von &#8222;Real Cookie Banner&#8220; finden Sie unter <a href=\"https:\/\/devowl.io\/de\/rcb\/datenverarbeitung\/\" target=\"_blank\" rel=\"noreferrer noopener\">https:\/\/devowl.io\/de\/rcb\/datenverarbeitung\/<\/a>.<\/p>\n\n\n\n<p>Rechtsgrundlagen f\u00fcr die Verarbeitung von personenbezogenen Daten in diesem Zusammenhang sind Art. 6 Abs. 1 lit. c DS-GVO und Art. 6 Abs. 1 lit. f DS-GVO. Unser berechtigtes Interesse ist die Verwaltung der eingesetzten Cookies und \u00e4hnlichen Technologien und der diesbez\u00fcglichen Einwilligungen.<\/p>\n\n\n\n<p><\/p>\n\n\n\n<h3 class=\"wp-block-heading\">Kein Einsatz von Analysetools<\/h3>\n\n\n\n<p>Auf unserer Webseite werden keine Analysetools eingesetzt.<\/p>\n\n\n\n<h3 class=\"wp-block-heading\">Auftragsverarbeitung<\/h3>\n\n\n\n<p>F\u00fcr das Betreiben dieser Webseite und der damit zusammenh\u00e4ngenden Prozesse (Hosting und Webseitenbetreuung) wurden Dienstleister beauftragt. Diese Dienstleister sind streng weisungsgebunden und vertraglich verpflichtet. Insbesondere werden technische und organisatorische Ma\u00dfnahmen so durchgef\u00fchrt, dass die Datenverarbeitung im Sinne der Vorschriften \u00fcber den Datenschutz erfolgt und den Schutz der Rechte der betroffenen Personen gew\u00e4hrleistet.<\/p>\n\n\n\n<h3 class=\"wp-block-heading\">Ihre Rechte als betroffene Person<\/h3>\n\n\n\n<h4 class=\"wp-block-heading\">1. Recht auf Auskunft<\/h4>\n\n\n\n<p>Sie haben das Recht, von uns eine Best\u00e4tigung dar\u00fcber zu verlangen, ob wir Ihre pers\u00f6nlichen Daten verarbeiten. Ist dies der Fall, so haben Sie ein Recht auf Auskunft \u00fcber diese Daten und auf s\u00e4mtliche Einzelheiten, die mit diesen Daten im Zusammenhang stehen (insbesondere Verarbeitungszwecke, Empf\u00e4nger, Speicherdauer, Betroffenenrechte, die Herkunft der Daten, falls diese nicht direkt bei Ihnen erhoben worden sind). Die Einzelheiten \u00fcber Ihr Auskunftsrecht k\u00f6nnen Sie in Artikel 15 EU-Datenschutz-Grundverordnung nachlesen.<\/p>\n\n\n\n<h4 class=\"wp-block-heading\">2. Recht auf Berichtigung und Vervollst\u00e4ndigung<\/h4>\n\n\n\n<p>Sie haben gem\u00e4\u00df Artikel 16 EU-Datenschutz-Grundverordnung das Recht, von uns unverz\u00fcglich die Berichtigung der Sie betreffenden unrichtigen pers\u00f6nlichen Daten und die Vervollst\u00e4ndigung unvollst\u00e4ndiger pers\u00f6nlicher Daten zu verlangen.<\/p>\n\n\n\n<h4 class=\"wp-block-heading\">3. Recht auf L\u00f6schung<\/h4>\n\n\n\n<p>Sie haben das Recht, von uns die unverz\u00fcgliche L\u00f6schung Ihrer pers\u00f6nlichen Daten zu verlangen, sofern einer der in Artikel 17 EU-Datenschutz-Grundverordnung genannten Gr\u00fcnde vorliegt. Ein solcher Grund f\u00fcr die unverz\u00fcgliche L\u00f6schung kann zum Beispiel gegeben sein, wenn die pers\u00f6nlichen Daten f\u00fcr die Bearbeitung Ihres Anliegens nicht mehr notwendig sind oder Sie der Datenverarbeitung widersprochen haben.<\/p>\n\n\n\n<h4 class=\"wp-block-heading\">4. Recht auf Einschr\u00e4nkung der Verarbeitung<\/h4>\n\n\n\n<p>Sie haben das Recht, von uns die Einschr\u00e4nkung der Verarbeitung Ihrer pers\u00f6nlichen Daten zu verlangen, wenn eine der in Artikel 18 EU-Datenschutz-Grundverordnung genannten Voraussetzungen gegeben ist. So besteht zum Beispiel das Recht auf Einschr\u00e4nkung der Verarbeitung, wenn wir diese Daten f\u00fcr die Bearbeitung Ihrer Beschwerde oder Anfrage nicht mehr ben\u00f6tigen, Sie diese jedoch zur Geltendmachung, Aus\u00fcbung oder Verteidigung von Rechtsanspr\u00fcchen ben\u00f6tigen.<\/p>\n\n\n\n<h4 class=\"wp-block-heading\">5. Recht auf Widerruf der Einwilligung<\/h4>\n\n\n\n<p>Sie haben gem\u00e4\u00df Artikel 7 Absatz 3 EU-Datenschutz-Grundverordnung das Recht, eine erteilte Einwilligung in die Verarbeitung Ihrer pers\u00f6nlichen Daten jederzeit zu widerrufen. Der Widerruf gilt nur f\u00fcr zuk\u00fcnftige Datenverarbeitungen, das hei\u00dft, die bis zum erfolgten Widerruf stattgefundene Datenverarbeitung bleibt in diesem Fall rechtm\u00e4\u00dfig.<\/p>\n\n\n\n<h4 class=\"wp-block-heading\">6. Recht auf Beschwerde bei der zust\u00e4ndigen Aufsichtsbeh\u00f6rde<\/h4>\n\n\n\n<p>Wenn Sie der Ansicht sind, dass die Verarbeitung ihrer personenbezogenen Daten auf dieser Webseite gegen Datenschutzrecht verst\u00f6\u00dft, k\u00f6nnen Sie Beschwerde erheben. Diese Beschwerde m\u00fcssen Sie adressieren an:<br>Die Landesbeauftragte f\u00fcr Datenschutz und Informationsfreiheit<br>Arndtstra\u00dfe 1<br>27570 Bremerhaven<br>Tel.: +49 421 3612010 oder +49 471 5962010<br>Fax: +49 421 49618495<br>E-Mail: <a href=\"mailto:office@datenschutz.bremen.de\">office@datenschutz.bremen.de<\/a><br>Webseite mit Beschwerdeformular: <a href=\"https:\/\/www.datenschutz.bremen.de\/wir_ueber_uns\/beschwerdeformular-15253\" target=\"_blank\" rel=\"noreferrer noopener\">https:\/\/www.datenschutz.bremen.de<\/a><\/p>\n","protected":false},"excerpt":{"rendered":"<p>Wir freuen uns, dass Sie unsere Webseite besuchen und bedanken uns f\u00fcr Ihr Interesse. Im Folgenden informieren wir Sie \u00fcber den Umgang mit Ihren pers\u00f6nlichen Daten. Wer wir sind Die D.anke-Stiftung f\u00fcr Not-wendiges ist eine wohlt\u00e4tige Stiftung und wird treuh\u00e4nderisch von der B\u00fcrgerstiftung Bremen verwaltet und von ihr im Rechts- und Gesch\u00e4ftsverkehr vertreten.B\u00fcrgerstiftung BremenMarcusallee 3928359 <a href=\"https:\/\/d.anke-stiftung.de\/?page_id=91\" class=\"read-more below\">weiterlesen<\/a><\/p>\n","protected":false},"author":1,"featured_media":26,"parent":0,"menu_order":0,"comment_status":"closed","ping_status":"closed","template":"","meta":{"footnotes":""},"class_list":["post-91","page","type-page","status-publish","has-post-thumbnail","hentry"],"_links":{"self":[{"href":"https:\/\/d.anke-stiftung.de\/index.php?rest_route=\/wp\/v2\/pages\/91","targetHints":{"allow":["GET"]}}],"collection":[{"href":"https:\/\/d.anke-stiftung.de\/index.php?rest_route=\/wp\/v2\/pages"}],"about":[{"href":"https:\/\/d.anke-stiftung.de\/index.php?rest_route=\/wp\/v2\/types\/page"}],"author":[{"embeddable":true,"href":"https:\/\/d.anke-stiftung.de\/index.php?rest_route=\/wp\/v2\/users\/1"}],"replies":[{"embeddable":true,"href":"https:\/\/d.anke-stiftung.de\/index.php?rest_route=%2Fwp%2Fv2%2Fcomments&post=91"}],"version-history":[{"count":0,"href":"https:\/\/d.anke-stiftung.de\/index.php?rest_route=\/wp\/v2\/pages\/91\/revisions"}],"wp:featuredmedia":[{"embeddable":true,"href":"https:\/\/d.anke-stiftung.de\/index.php?rest_route=\/wp\/v2\/media\/26"}],"wp:attachment":[{"href":"https:\/\/d.anke-stiftung.de\/index.php?rest_route=%2Fwp%2Fv2%2Fmedia&parent=91"}],"curies":[{"name":"wp","href":"https:\/\/api.w.org\/{rel}","templated":true}]}}